{"id":36,"date":"2025-07-26T21:03:25","date_gmt":"2025-07-26T21:03:25","guid":{"rendered":"https:\/\/stake-casinocanada.ca\/fr\/?page_id=36"},"modified":"2025-09-22T11:54:43","modified_gmt":"2025-09-22T11:54:43","slug":"bonus","status":"publish","type":"page","link":"https:\/\/stake-casinocanada.ca\/fr\/bonus\/","title":{"rendered":"Bonus"},"content":{"rendered":"<p data-start=\"110\" data-end=\"315\">Si vous envisagez de tester Stake \u2014 ou si vous utilisez d\u00e9j\u00e0 la plateforme de mani\u00e8re occasionnelle \u2014 il existe une fa\u00e7on simple de rendre votre exp\u00e9rience plus avantageuse : activer un code promo.<\/p>\n<p data-start=\"317\" data-end=\"551\">Depuis 2017, Stake fonctionne comme un casino en ligne et site de paris sportifs bas\u00e9 sur les cryptomonnaies, et propose r\u00e9guli\u00e8rement des bonus attractifs, notamment un programme mensuel de bonus et des avantages VIP.<\/p>\n<p data-start=\"553\" data-end=\"802\">Sur cette page, vous d\u00e9couvrirez comment fonctionnent les codes promo sur Stake, quels types de r\u00e9compenses vous pouvez obtenir, et pourquoi m\u00eame les joueurs exp\u00e9riment\u00e9s dans le domaine des jeux crypto surveillent activement ces offres.<\/p>\n<h2 data-start=\"80\" data-end=\"109\">Qu\u2019est-ce que Stake ?<\/h2>\n<p data-start=\"111\" data-end=\"535\"><a href=\"https:\/\/stake-casinocanada.ca\/fr\/\">Stake<\/a> est un casino en ligne et site de paris internationaux fonctionnant enti\u00e8rement avec des cryptomonnaies. R\u00e9put\u00e9 pour ses jeux transparents, ses paiements ultra-rapides et sa communaut\u00e9 active, Stake propose une large gamme de divertissements : des machines \u00e0 sous classiques aux jeux avec croupiers en direct, en passant par des titres exclusifs d\u00e9velopp\u00e9s en interne et les paris sportifs.<\/p>\n<p data-start=\"537\" data-end=\"751\">Lanc\u00e9 en 2017, Stake est rapidement devenu l\u2019une des r\u00e9f\u00e9rences du jeu en crypto, gr\u00e2ce \u00e0 son engagement envers l&#8217;\u00e9quit\u00e9, les r\u00e9compenses utilisateurs, et des transactions fluides via la blockchain.<\/p>\n<h2 data-start=\"81\" data-end=\"123\">Qu\u2019est-ce qu\u2019un code promo Stake ?<\/h2>\n<p data-start=\"125\" data-end=\"465\">Un code promo Stake est un code de parrainage ou de bonus que vous pouvez saisir lors de votre inscription sur Stake.com pour d\u00e9bloquer des avantages exclusifs d\u00e8s le d\u00e9part. En entrant un code valide \u00e0 l\u2019inscription, vous acc\u00e9dez \u00e0 des r\u00e9compenses sp\u00e9ciales que les utilisateurs classiques ne re\u00e7oivent pas automatiquement.<\/p>\n<p data-start=\"467\" data-end=\"572\">Et ces bonus ne sont pas forc\u00e9ment des offres uniques. Selon le code utilis\u00e9, vous pouvez b\u00e9n\u00e9ficier de :<\/p>\n<ul data-start=\"574\" data-end=\"1321\">\n<li data-start=\"574\" data-end=\"803\">\n<p data-start=\"576\" data-end=\"803\">Rakeback sur chaque mise \u2013 un pourcentage de vos mises vous est rembours\u00e9, que vous gagniez ou perdiez. C\u2019est l\u2019un des avantages les plus appr\u00e9ci\u00e9s, car il apporte une valeur ajout\u00e9e durable aux joueurs r\u00e9guliers.<\/p>\n<\/li>\n<li data-start=\"805\" data-end=\"963\">\n<p data-start=\"807\" data-end=\"963\">Boosts de d\u00e9p\u00f4t \u2013 certains codes augmentent votre premier d\u00e9p\u00f4t d\u2019un certain pourcentage, ce qui vous donne plus de fonds pour commencer \u00e0 jouer.<\/p>\n<\/li>\n<li data-start=\"965\" data-end=\"1121\">\n<p data-start=\"967\" data-end=\"1121\">Tours gratuits ou Stake Coins \u2013 id\u00e9aux pour tester des jeux comme les machines \u00e0 sous ou les jeux exclusifs de Stake, comme Plinko ou Dice.<\/p>\n<\/li>\n<li data-start=\"1123\" data-end=\"1321\">\n<p data-start=\"1125\" data-end=\"1321\">Acc\u00e8s anticip\u00e9 aux avantages VIP \u2013 certains codes vous permettent de rejoindre plus rapidement le programme VIP de Stake, qui inclut cashback, recharges, et un support personnalis\u00e9.<\/p>\n<\/li>\n<\/ul>\n<h2>Comment utiliser un code promo Stake ?<\/h2>\n<ol>\n<li>Rendez-vous sur le <a href=\"\/go\/text\/\">site officiel de Stake<\/a><\/li>\n<li>Inscrivez-vous et s\u00e9lectionnez &#8220;Code de parrainage (facultatif)&#8221;<br \/>\n<img loading=\"lazy\" decoding=\"async\" class=\"\" src=\"https:\/\/stake-casinocanada.ca\/fr\/wp-content\/uploads\/2025\/09\/\u0421\u043d\u0438\u043c\u043e\u043a-\u044d\u043a\u0440\u0430\u043d\u0430-2025-09-17-\u0432-14.09.17.png\" alt=\"stake code promo\" width=\"690\" height=\"789\" \/><\/li>\n<li>Remplissez vos informations<\/li>\n<\/ol>\n<p>Choisissez la m\u00e9thode qui vous convient le mieux.<\/p>\n<ol start=\"4\">\n<li>Entrez le code promo<\/li>\n<\/ol>\n<p>Avant de finaliser l\u2019inscription, rep\u00e9rez le champ intitul\u00e9 \u00ab Code promo \u00bb.<\/p>\n<p>Saisissez le code &#8220;GETRAKEBACK&#8221;.<\/p>\n<ol start=\"5\">\n<li>Terminez la cr\u00e9ation de votre compte<\/li>\n<\/ol>\n<p>Cliquez sur \u00ab Continue \u00bb. Le code promo sera appliqu\u00e9 automatiquement.<br \/>\n<img loading=\"lazy\" decoding=\"async\" class=\"\" src=\"https:\/\/stake-casinocanada.ca\/fr\/wp-content\/uploads\/2025\/09\/\u0421\u043d\u0438\u043c\u043e\u043a-\u044d\u043a\u0440\u0430\u043d\u0430-2025-09-17-\u0432-14.18.00.png\" alt=\"stake code promo\" width=\"702\" height=\"284\" \/><\/p>\n<ol start=\"6\">\n<li>Une fois connect\u00e9, allez dans votre profil ou la section VIP pour confirmer que le bonus ou le rakeback est actif.<\/li>\n<\/ol>\n<p>Une fois connect\u00e9, allez dans votre profil ou la section VIP pour confirmer que le bonus ou le rakeback est actif.<\/p>\n<ol start=\"7\">\n<li>Commencez \u00e0 jouer et gagnez des r\u00e9compenses<\/li>\n<\/ol>\n<h2 data-start=\"112\" data-end=\"165\">Avantages pour les nouveaux joueurs sur Stake<\/h2>\n<p>1.Acc\u00e8s instantan\u00e9 aux bonus avec un code promo<\/p>\n<p data-start=\"226\" data-end=\"373\">Les nouveaux utilisateurs qui s\u2019inscrivent avec le code promo Stake valide &#8220;GETRAKEBACK&#8221; d\u00e9bloquent des r\u00e9compenses imm\u00e9diates, notamment :<\/p>\n<ul>\n<li data-start=\"377\" data-end=\"426\">Le rakeback (remboursement sur chaque mise)<\/li>\n<li data-start=\"377\" data-end=\"426\">L\u2019acc\u00e8s au bonus mensuel Stake<\/li>\n<li data-start=\"377\" data-end=\"426\">L\u2019\u00e9ligibilit\u00e9 \u00e0 de futures promotions exclusives<\/li>\n<\/ul>\n<p>2. Aucune v\u00e9rification d\u2019identit\u00e9 (KYC) requise au d\u00e9part<\/p>\n<p data-start=\"595\" data-end=\"823\">Contrairement \u00e0 de nombreux casinos en ligne, Stake vous permet de jouer sans devoir valider votre identit\u00e9 imm\u00e9diatement. Un vrai plus pour les utilisateurs souhaitant pr\u00e9server leur vie priv\u00e9e, notamment au Canada.<\/p>\n<p data-start=\"830\" data-end=\"864\">3. \u00c9norme vari\u00e9t\u00e9 de jeux<\/p>\n<p data-start=\"866\" data-end=\"937\">Les nouveaux joueurs peuvent d\u00e9couvrir des milliers de jeux, dont :<\/p>\n<ul data-start=\"939\" data-end=\"1133\">\n<li data-start=\"939\" data-end=\"966\">\n<p data-start=\"941\" data-end=\"966\">Les machines \u00e0 sous<\/p>\n<\/li>\n<li data-start=\"967\" data-end=\"1024\">\n<p data-start=\"969\" data-end=\"1024\">Les jeux de table (blackjack, roulette, baccarat)<\/p>\n<\/li>\n<li data-start=\"1025\" data-end=\"1083\">\n<p data-start=\"1027\" data-end=\"1083\">Les jeux exclusifs comme Stake Plinko ou Crash<\/p>\n<\/li>\n<li data-start=\"1025\" data-end=\"1083\">\n<p data-start=\"1027\" data-end=\"1083\">Le tout, optimis\u00e9 pour ordinateur et mobile<\/p>\n<\/li>\n<\/ul>\n<p data-start=\"1086\" data-end=\"1133\">4. Une exp\u00e9rience pens\u00e9e pour la crypto<\/p>\n<article dir=\"auto\" tabindex=\"-1\" data-turn-id=\"request-WEB:ea9e3bbd-8749-4f4d-87eb-de48486c3c09-17\" data-testid=\"conversation-turn-36\" data-scroll-anchor=\"true\" data-turn=\"assistant\">\n<div>\n<div tabindex=\"-1\">\n<div>\n<div dir=\"auto\" data-message-author-role=\"assistant\" data-message-id=\"3e5ec311-07b3-4b24-afa7-2115c0d16bc4\" data-message-model-slug=\"gpt-4o\">\n<div>\n<div>\n<p data-start=\"124\" data-end=\"326\" data-is-last-node=\"\" data-is-only-node=\"\">Les nouveaux joueurs b\u00e9n\u00e9ficient de d\u00e9p\u00f4ts et retraits instantan\u00e9s via Bitcoin, Ethereum, Litecoin et d&#8217;autres cryptomonnaies, avec des frais minimes et des d\u00e9lais de traitement rapides.<\/p>\n<\/div>\n<\/div>\n<\/div>\n<\/div>\n<\/div>\n<\/div>\n<\/article>\n<p><img loading=\"lazy\" decoding=\"async\" class=\"\" src=\"https:\/\/stake-casinocanada.ca\/fr\/wp-content\/uploads\/2025\/09\/\u0421\u043d\u0438\u043c\u043e\u043a-\u044d\u043a\u0440\u0430\u043d\u0430-2025-09-17-\u0432-13.29.15.png\" alt=\"stake promo\" width=\"699\" height=\"403\" \/><\/p>\n<h3 data-start=\"86\" data-end=\"139\">Avantages pour les joueurs r\u00e9guliers de Stake<\/h3>\n<p data-start=\"141\" data-end=\"305\">1. Programme VIP avec r\u00e9compenses r\u00e9elles<br data-start=\"186\" data-end=\"189\" \/>Stake propose un programme VIP structur\u00e9 par niveaux, qui permet aux joueurs les plus fid\u00e8les de b\u00e9n\u00e9ficier de :<\/p>\n<ul data-start=\"307\" data-end=\"452\">\n<li data-start=\"307\" data-end=\"330\">\n<p data-start=\"309\" data-end=\"330\">Bonus personnalis\u00e9s<\/p>\n<\/li>\n<li data-start=\"331\" data-end=\"366\">\n<p data-start=\"333\" data-end=\"366\">Bonus hebdomadaires et mensuels<\/p>\n<\/li>\n<li data-start=\"367\" data-end=\"395\">\n<p data-start=\"369\" data-end=\"395\">Rakeback sur chaque mise<\/p>\n<\/li>\n<li data-start=\"396\" data-end=\"452\">\n<p data-start=\"398\" data-end=\"452\">Support prioritaire avec un gestionnaire VIP d\u00e9di\u00e9<\/p>\n<\/li>\n<\/ul>\n<p data-start=\"459\" data-end=\"744\">2. Bonus mensuels et recharges de solde<br data-start=\"502\" data-end=\"505\" \/>Les joueurs actifs re\u00e7oivent des bonus mensuels attractifs, calcul\u00e9s en fonction de leur volume de mises. Ces bonus sont vers\u00e9s sous forme de cr\u00e9dits surprises ou de recharges utilisables sur tous les jeux de la plateforme.<\/p>\n<p data-start=\"751\" data-end=\"863\">3. Acc\u00e8s au calculateur VIP de Stake<br data-start=\"791\" data-end=\"794\" \/>Le calculateur VIP est un outil exclusif qui aide les joueurs \u00e0 :<\/p>\n<ul data-start=\"865\" data-end=\"1010\">\n<li data-start=\"865\" data-end=\"901\">\n<p data-start=\"867\" data-end=\"901\">Estimer leurs gains en bonus<\/p>\n<\/li>\n<li data-start=\"902\" data-end=\"953\">\n<p data-start=\"904\" data-end=\"953\">Suivre l\u2019\u00e9volution de leurs r\u00e9compenses VIP<\/p>\n<\/li>\n<li data-start=\"954\" data-end=\"1010\">\n<p data-start=\"956\" data-end=\"1010\">Planifier leur activit\u00e9 pour optimiser les retours<\/p>\n<\/li>\n<\/ul>\n<p data-start=\"1017\" data-end=\"1092\">4. Promotions et comp\u00e9titions exclusives<br data-start=\"1061\" data-end=\"1064\" \/>Stake organise fr\u00e9quemment :<\/p>\n<ul data-start=\"1094\" data-end=\"1187\">\n<li data-start=\"1094\" data-end=\"1122\">\n<p data-start=\"1096\" data-end=\"1122\">Des courses de mises<\/p>\n<\/li>\n<li data-start=\"1123\" data-end=\"1143\">\n<p data-start=\"1125\" data-end=\"1143\">Des concours<\/p>\n<\/li>\n<li data-start=\"1144\" data-end=\"1187\">\n<p data-start=\"1146\" data-end=\"1187\">Des promotions sur les paris sportifs<\/p>\n<\/li>\n<\/ul>\n<p data-start=\"1189\" data-end=\"1326\">Ces \u00e9v\u00e9nements offrent des prix en argent, des freebets, ou des pi\u00e8ces bonus, exclusivement accessibles aux membres inscrits.<\/p>\n<p data-start=\"1333\" data-end=\"1637\">5. Communaut\u00e9 internationale et \u00e9v\u00e9nements sp\u00e9ciaux<br data-start=\"1388\" data-end=\"1391\" \/>Les joueurs r\u00e9guliers peuvent interagir via les groupes Discord, Telegram et participer \u00e0 des livestreams communautaires. Ils sont souvent s\u00e9lectionn\u00e9s pour des giveaways ou des r\u00e9compenses sp\u00e9ciales r\u00e9serv\u00e9es aux membres engag\u00e9s.<\/p>\n","protected":false},"excerpt":{"rendered":"<p>Si vous envisagez de tester Stake \u2014 ou si vous utilisez d\u00e9j\u00e0 la plateforme de mani\u00e8re occasionnelle \u2014 il existe une fa\u00e7on simple de rendre votre exp\u00e9rience plus avantageuse : activer un code promo. Depuis 2017, Stake fonctionne comme un casino en ligne et site de paris sportifs bas\u00e9 sur les cryptomonnaies, et propose r\u00e9guli\u00e8rement [&hellip;]<\/p>\n","protected":false},"author":1,"featured_media":0,"parent":0,"menu_order":0,"comment_status":"closed","ping_status":"closed","template":"bonus-page.php","meta":{"footnotes":""},"class_list":["post-36","page","type-page","status-publish","hentry"],"yoast_head":"<!-- This site is optimized with the Yoast SEO plugin v24.9 - https:\/\/yoast.com\/wordpress\/plugins\/seo\/ -->\n<title>Stake Canada\u00a0: Codes promotionnels et bonus pour les joueurs<\/title>\n<meta name=\"description\" content=\"D\u00e9couvrez les derniers bonus et promotions de Stake pour les casinos et les paris sportifs. Profitez de r\u00e9compenses mensuelles, de rakeback et d&#039;avantages VIP.\" \/>\n<meta name=\"robots\" content=\"index, follow, max-snippet:-1, max-image-preview:large, max-video-preview:-1\" \/>\n<link rel=\"canonical\" href=\"https:\/\/stake-casinocanada.ca\/fr\/bonus\/\" \/>\n<meta property=\"og:locale\" content=\"en_US\" \/>\n<meta property=\"og:type\" content=\"article\" \/>\n<meta property=\"og:title\" content=\"Stake Canada\u00a0: Codes promotionnels et bonus pour les joueurs\" \/>\n<meta property=\"og:description\" content=\"D\u00e9couvrez les derniers bonus et promotions de Stake pour les casinos et les paris sportifs. Profitez de r\u00e9compenses mensuelles, de rakeback et d&#039;avantages VIP.\" \/>\n<meta property=\"og:url\" content=\"https:\/\/stake-casinocanada.ca\/fr\/bonus\/\" \/>\n<meta property=\"og:site_name\" content=\"Stake\" \/>\n<meta property=\"article:modified_time\" content=\"2025-09-22T11:54:43+00:00\" \/>\n<meta name=\"twitter:card\" content=\"summary_large_image\" \/>\n<meta name=\"twitter:label1\" content=\"Est. reading time\" \/>\n\t<meta name=\"twitter:data1\" content=\"5 minutes\" \/>\n<script type=\"application\/ld+json\" class=\"yoast-schema-graph\">{\"@context\":\"https:\/\/schema.org\",\"@graph\":[{\"@type\":\"WebPage\",\"@id\":\"https:\/\/stake-casinocanada.ca\/fr\/bonus\/\",\"url\":\"https:\/\/stake-casinocanada.ca\/fr\/bonus\/\",\"name\":\"Stake Canada\u00a0: Codes promotionnels et bonus pour les joueurs\",\"isPartOf\":{\"@id\":\"https:\/\/stake-casinocanada.ca\/fr\/#website\"},\"datePublished\":\"2025-07-26T21:03:25+00:00\",\"dateModified\":\"2025-09-22T11:54:43+00:00\",\"description\":\"D\u00e9couvrez les derniers bonus et promotions de Stake pour les casinos et les paris sportifs. Profitez de r\u00e9compenses mensuelles, de rakeback et d'avantages VIP.\",\"breadcrumb\":{\"@id\":\"https:\/\/stake-casinocanada.ca\/fr\/bonus\/#breadcrumb\"},\"inLanguage\":\"en-CA\",\"potentialAction\":[{\"@type\":\"ReadAction\",\"target\":[\"https:\/\/stake-casinocanada.ca\/fr\/bonus\/\"]}]},{\"@type\":\"BreadcrumbList\",\"@id\":\"https:\/\/stake-casinocanada.ca\/fr\/bonus\/#breadcrumb\",\"itemListElement\":[{\"@type\":\"ListItem\",\"position\":1,\"name\":\"Home\",\"item\":\"https:\/\/stake-casinocanada.ca\/fr\/\"},{\"@type\":\"ListItem\",\"position\":2,\"name\":\"Bonus\"}]},{\"@type\":\"WebSite\",\"@id\":\"https:\/\/stake-casinocanada.ca\/fr\/#website\",\"url\":\"https:\/\/stake-casinocanada.ca\/fr\/\",\"name\":\"Stake\",\"description\":\"\",\"potentialAction\":[{\"@type\":\"SearchAction\",\"target\":{\"@type\":\"EntryPoint\",\"urlTemplate\":\"https:\/\/stake-casinocanada.ca\/fr\/?s={search_term_string}\"},\"query-input\":{\"@type\":\"PropertyValueSpecification\",\"valueRequired\":true,\"valueName\":\"search_term_string\"}}],\"inLanguage\":\"en-CA\"}]}<\/script>\n<!-- \/ Yoast SEO plugin. -->","yoast_head_json":{"title":"Stake Canada\u00a0: Codes promotionnels et bonus pour les joueurs","description":"D\u00e9couvrez les derniers bonus et promotions de Stake pour les casinos et les paris sportifs. Profitez de r\u00e9compenses mensuelles, de rakeback et d'avantages VIP.","robots":{"index":"index","follow":"follow","max-snippet":"max-snippet:-1","max-image-preview":"max-image-preview:large","max-video-preview":"max-video-preview:-1"},"canonical":"https:\/\/stake-casinocanada.ca\/fr\/bonus\/","og_locale":"en_US","og_type":"article","og_title":"Stake Canada\u00a0: Codes promotionnels et bonus pour les joueurs","og_description":"D\u00e9couvrez les derniers bonus et promotions de Stake pour les casinos et les paris sportifs. Profitez de r\u00e9compenses mensuelles, de rakeback et d'avantages VIP.","og_url":"https:\/\/stake-casinocanada.ca\/fr\/bonus\/","og_site_name":"Stake","article_modified_time":"2025-09-22T11:54:43+00:00","twitter_card":"summary_large_image","twitter_misc":{"Est. reading time":"5 minutes"},"schema":{"@context":"https:\/\/schema.org","@graph":[{"@type":"WebPage","@id":"https:\/\/stake-casinocanada.ca\/fr\/bonus\/","url":"https:\/\/stake-casinocanada.ca\/fr\/bonus\/","name":"Stake Canada\u00a0: Codes promotionnels et bonus pour les joueurs","isPartOf":{"@id":"https:\/\/stake-casinocanada.ca\/fr\/#website"},"datePublished":"2025-07-26T21:03:25+00:00","dateModified":"2025-09-22T11:54:43+00:00","description":"D\u00e9couvrez les derniers bonus et promotions de Stake pour les casinos et les paris sportifs. Profitez de r\u00e9compenses mensuelles, de rakeback et d'avantages VIP.","breadcrumb":{"@id":"https:\/\/stake-casinocanada.ca\/fr\/bonus\/#breadcrumb"},"inLanguage":"en-CA","potentialAction":[{"@type":"ReadAction","target":["https:\/\/stake-casinocanada.ca\/fr\/bonus\/"]}]},{"@type":"BreadcrumbList","@id":"https:\/\/stake-casinocanada.ca\/fr\/bonus\/#breadcrumb","itemListElement":[{"@type":"ListItem","position":1,"name":"Home","item":"https:\/\/stake-casinocanada.ca\/fr\/"},{"@type":"ListItem","position":2,"name":"Bonus"}]},{"@type":"WebSite","@id":"https:\/\/stake-casinocanada.ca\/fr\/#website","url":"https:\/\/stake-casinocanada.ca\/fr\/","name":"Stake","description":"","potentialAction":[{"@type":"SearchAction","target":{"@type":"EntryPoint","urlTemplate":"https:\/\/stake-casinocanada.ca\/fr\/?s={search_term_string}"},"query-input":{"@type":"PropertyValueSpecification","valueRequired":true,"valueName":"search_term_string"}}],"inLanguage":"en-CA"}]}},"_links":{"self":[{"href":"https:\/\/stake-casinocanada.ca\/fr\/wp-json\/wp\/v2\/pages\/36","targetHints":{"allow":["GET"]}}],"collection":[{"href":"https:\/\/stake-casinocanada.ca\/fr\/wp-json\/wp\/v2\/pages"}],"about":[{"href":"https:\/\/stake-casinocanada.ca\/fr\/wp-json\/wp\/v2\/types\/page"}],"author":[{"embeddable":true,"href":"https:\/\/stake-casinocanada.ca\/fr\/wp-json\/wp\/v2\/users\/1"}],"replies":[{"embeddable":true,"href":"https:\/\/stake-casinocanada.ca\/fr\/wp-json\/wp\/v2\/comments?post=36"}],"version-history":[{"count":37,"href":"https:\/\/stake-casinocanada.ca\/fr\/wp-json\/wp\/v2\/pages\/36\/revisions"}],"predecessor-version":[{"id":466,"href":"https:\/\/stake-casinocanada.ca\/fr\/wp-json\/wp\/v2\/pages\/36\/revisions\/466"}],"wp:attachment":[{"href":"https:\/\/stake-casinocanada.ca\/fr\/wp-json\/wp\/v2\/media?parent=36"}],"curies":[{"name":"wp","href":"https:\/\/api.w.org\/{rel}","templated":true}]}}