{"id":272,"date":"2025-08-25T18:04:10","date_gmt":"2025-08-25T18:04:10","guid":{"rendered":"https:\/\/stake-casinocanada.ca\/fr\/?page_id=272"},"modified":"2025-09-17T11:42:17","modified_gmt":"2025-09-17T11:42:17","slug":"legit","status":"publish","type":"page","link":"https:\/\/stake-casinocanada.ca\/fr\/legit\/","title":{"rendered":"Stake est-il l\u00e9gal au Canada ?"},"content":{"rendered":"<p data-start=\"76\" data-end=\"585\">Depuis son lancement en 2017, <a href=\"https:\/\/stake-casinocanada.ca\/fr\/\">Stake<\/a> s\u2019est rapidement impos\u00e9 comme un casino crypto et une plateforme de paris sportifs de renomm\u00e9e mondiale. G\u00e9r\u00e9e par Medium Rare N.V., la plateforme est agr\u00e9\u00e9e par le gouvernement de Cura\u00e7ao, une autorit\u00e9 reconnue dans le secteur des jeux en ligne. Bien que cette licence ne soit pas d\u00e9livr\u00e9e par les autorit\u00e9s provinciales canadiennes, elle garantit que Stake respecte des normes internationales strictes en mati\u00e8re d\u2019\u00e9quit\u00e9, de protection des joueurs et de jeu responsable.<\/p>\n<p data-start=\"587\" data-end=\"880\">Stake s\u2019est forg\u00e9 une solide r\u00e9putation gr\u00e2ce \u00e0 sa transparence, sa s\u00e9curit\u00e9 et sa fiabilit\u00e9. Entre des transactions en crypto-monnaies rapides et des conditions d\u2019utilisation claires, le site offre un niveau de professionnalisme que beaucoup de ses concurrents ne parviennent pas \u00e0 atteindre.<\/p>\n<p style=\"text-align: center;\"><a href=\"\/go\/button\/\" class=\"btn\">Visitez le Stake<\/a><\/p>\n<h2 data-start=\"2402\" data-end=\"2426\"><strong data-start=\"2402\" data-end=\"2426\">Stake est-il l\u00e9gal ?<\/strong><\/h2>\n<p data-start=\"2428\" data-end=\"2832\">Oui, Stake est l\u00e9gal pour les joueurs dans la plupart des r\u00e9gions du Canada. Le pays ne dispose pas d\u2019une loi nationale interdisant aux r\u00e9sidents d\u2019utiliser des plateformes de jeu internationales comme Stake. \u00c9tant donn\u00e9 que Stake op\u00e8re sous une licence offshore valide et accepte les joueurs canadiens, les utilisateurs peuvent s\u2019inscrire, d\u00e9poser des fonds et jouer sur la plateforme en toute l\u00e9galit\u00e9.<\/p>\n<p data-start=\"2834\" data-end=\"2999\">Cependant, la r\u00e9glementation des jeux d\u2019argent au Canada est g\u00e9r\u00e9e au niveau provincial, ce qui signifie que les r\u00e8gles peuvent varier selon votre lieu de r\u00e9sidence.<\/p>\n<p data-start=\"3001\" data-end=\"3262\">Dans des provinces telles que la Colombie-Britannique, l\u2019Alberta, le Manitoba, le Qu\u00e9bec et les provinces de l\u2019Atlantique, les joueurs canadiens peuvent acc\u00e9der l\u00e9galement \u00e0 Stake sans restrictions, \u00e0 condition d\u2019\u00eatre majeurs selon la loi sur les jeux d\u2019argent.<\/p>\n<h2 data-start=\"3264\" data-end=\"3307\"><strong data-start=\"3264\" data-end=\"3307\">Les mesures de s\u00e9curit\u00e9 de Stake Casino<\/strong><\/h2>\n<p data-start=\"3309\" data-end=\"3628\">La s\u00e9curit\u00e9 est un \u00e9l\u00e9ment crucial pour la r\u00e9putation de tout casino en ligne, et Stake en fait une priorit\u00e9. La plateforme utilise un cryptage SSL pour prot\u00e9ger toutes les donn\u00e9es utilisateur et les transactions. Elle propose \u00e9galement une authentification \u00e0 deux facteurs (2FA) pour renforcer la s\u00e9curit\u00e9 des comptes.<\/p>\n<p data-start=\"3630\" data-end=\"3984\">En tant que casino bas\u00e9 sur les cryptomonnaies, Stake effectue toutes les transactions avec des devises comme le Bitcoin, l\u2019Ethereum, le Litecoin, et d\u2019autres. Cela garantit non seulement des d\u00e9p\u00f4ts et retraits rapides, mais offre aussi une confidentialit\u00e9 et une s\u00e9curit\u00e9 accrues compar\u00e9es aux m\u00e9thodes de paiement traditionnelles en monnaie fiduciaire.<\/p>\n<p data-start=\"3986\" data-end=\"4587\">Une des caract\u00e9ristiques les plus appr\u00e9ci\u00e9es de Stake est son engagement envers la transparence et l\u2019\u00e9quit\u00e9 des jeux. Les r\u00e9sultats des jeux tels que les machines \u00e0 sous, Crash, Dice ou Plinko sont g\u00e9n\u00e9r\u00e9s via des algorithmes s\u00e9curis\u00e9s con\u00e7us pour produire des r\u00e9sultats al\u00e9atoires et impartiaux. Cela garantit que chaque partie est exempte de toute manipulation, assurant aux joueurs que leurs gains et pertes reposent uniquement sur le hasard. Pour les utilisateurs canadiens qui valorisent l\u2019honn\u00eatet\u00e9 dans le jeu en ligne, ce niveau de transparence diff\u00e9rencie Stake des plateformes moins fiables.<\/p>\n<h2 data-start=\"4589\" data-end=\"4633\"><strong data-start=\"4589\" data-end=\"4633\">Transparence et \u00e9quit\u00e9 chez Stake Casino<\/strong><\/h2>\n<p data-start=\"4635\" data-end=\"5269\">Au-del\u00e0 de la transparence dans le jeu, Stake met un fort accent sur l\u2019engagement communautaire. La plateforme est active sur les r\u00e9seaux sociaux, anime des discussions publiques sur des forums, et propose une interaction en temps r\u00e9el via le chat en direct. Que ce soit pour r\u00e9pondre aux retours des utilisateurs, organiser des promotions ou offrir un support 24\/7, Stake d\u00e9montre constamment qu\u2019elle accorde une grande importance \u00e0 ses joueurs. Cet engagement continu favorise une communaut\u00e9 fid\u00e8le et instaure un climat de confiance, particuli\u00e8rement appr\u00e9ci\u00e9 par les joueurs canadiens en qu\u00eate d\u2019une plateforme fiable et r\u00e9active.<\/p>\n<p style=\"text-align: center;\"><a href=\"\/go\/button\/\" class=\"btn\">Visitez le Stake<\/a><\/p>\n","protected":false},"excerpt":{"rendered":"<p>Depuis son lancement en 2017, Stake s\u2019est rapidement impos\u00e9 comme un casino crypto et une plateforme de paris sportifs de renomm\u00e9e mondiale. G\u00e9r\u00e9e par Medium Rare N.V., la plateforme est agr\u00e9\u00e9e par le gouvernement de Cura\u00e7ao, une autorit\u00e9 reconnue dans le secteur des jeux en ligne. Bien que cette licence ne soit pas d\u00e9livr\u00e9e par [&hellip;]<\/p>\n","protected":false},"author":1,"featured_media":0,"parent":0,"menu_order":0,"comment_status":"closed","ping_status":"closed","template":"article-page.php","meta":{"footnotes":""},"class_list":["post-272","page","type-page","status-publish","hentry"],"yoast_head":"<!-- This site is optimized with the Yoast SEO plugin v24.9 - https:\/\/yoast.com\/wordpress\/plugins\/seo\/ -->\n<title>Stake est-il l\u00e9gal et s\u00fbr au Canada ?<\/title>\n<meta name=\"description\" content=\"D\u00e9couvrez si Stake Casino est l\u00e9gal au Canada, comment il garantit la s\u00e9curit\u00e9, et pourquoi les joueurs font confiance \u00e0 cette plateforme de jeux crypto.\" \/>\n<meta name=\"robots\" content=\"index, follow, max-snippet:-1, max-image-preview:large, max-video-preview:-1\" \/>\n<link rel=\"canonical\" href=\"https:\/\/stake-casinocanada.ca\/fr\/legit\/\" \/>\n<meta property=\"og:locale\" content=\"en_US\" \/>\n<meta property=\"og:type\" content=\"article\" \/>\n<meta property=\"og:title\" content=\"Stake est-il l\u00e9gal et s\u00fbr au Canada ?\" \/>\n<meta property=\"og:description\" content=\"D\u00e9couvrez si Stake Casino est l\u00e9gal au Canada, comment il garantit la s\u00e9curit\u00e9, et pourquoi les joueurs font confiance \u00e0 cette plateforme de jeux crypto.\" \/>\n<meta property=\"og:url\" content=\"https:\/\/stake-casinocanada.ca\/fr\/legit\/\" \/>\n<meta property=\"og:site_name\" content=\"Stake\" \/>\n<meta property=\"article:modified_time\" content=\"2025-09-17T11:42:17+00:00\" \/>\n<meta name=\"twitter:card\" content=\"summary_large_image\" \/>\n<meta name=\"twitter:label1\" content=\"Est. reading time\" \/>\n\t<meta name=\"twitter:data1\" content=\"3 minutes\" \/>\n<script type=\"application\/ld+json\" class=\"yoast-schema-graph\">{\"@context\":\"https:\/\/schema.org\",\"@graph\":[{\"@type\":\"WebPage\",\"@id\":\"https:\/\/stake-casinocanada.ca\/fr\/legit\/\",\"url\":\"https:\/\/stake-casinocanada.ca\/fr\/legit\/\",\"name\":\"Stake est-il l\u00e9gal et s\u00fbr au Canada ?\",\"isPartOf\":{\"@id\":\"https:\/\/stake-casinocanada.ca\/fr\/#website\"},\"datePublished\":\"2025-08-25T18:04:10+00:00\",\"dateModified\":\"2025-09-17T11:42:17+00:00\",\"description\":\"D\u00e9couvrez si Stake Casino est l\u00e9gal au Canada, comment il garantit la s\u00e9curit\u00e9, et pourquoi les joueurs font confiance \u00e0 cette plateforme de jeux crypto.\",\"breadcrumb\":{\"@id\":\"https:\/\/stake-casinocanada.ca\/fr\/legit\/#breadcrumb\"},\"inLanguage\":\"en-CA\",\"potentialAction\":[{\"@type\":\"ReadAction\",\"target\":[\"https:\/\/stake-casinocanada.ca\/fr\/legit\/\"]}]},{\"@type\":\"BreadcrumbList\",\"@id\":\"https:\/\/stake-casinocanada.ca\/fr\/legit\/#breadcrumb\",\"itemListElement\":[{\"@type\":\"ListItem\",\"position\":1,\"name\":\"Home\",\"item\":\"https:\/\/stake-casinocanada.ca\/fr\/\"},{\"@type\":\"ListItem\",\"position\":2,\"name\":\"Stake est-il l\u00e9gal au Canada ?\"}]},{\"@type\":\"WebSite\",\"@id\":\"https:\/\/stake-casinocanada.ca\/fr\/#website\",\"url\":\"https:\/\/stake-casinocanada.ca\/fr\/\",\"name\":\"Stake\",\"description\":\"\",\"potentialAction\":[{\"@type\":\"SearchAction\",\"target\":{\"@type\":\"EntryPoint\",\"urlTemplate\":\"https:\/\/stake-casinocanada.ca\/fr\/?s={search_term_string}\"},\"query-input\":{\"@type\":\"PropertyValueSpecification\",\"valueRequired\":true,\"valueName\":\"search_term_string\"}}],\"inLanguage\":\"en-CA\"}]}<\/script>\n<!-- \/ Yoast SEO plugin. -->","yoast_head_json":{"title":"Stake est-il l\u00e9gal et s\u00fbr au Canada ?","description":"D\u00e9couvrez si Stake Casino est l\u00e9gal au Canada, comment il garantit la s\u00e9curit\u00e9, et pourquoi les joueurs font confiance \u00e0 cette plateforme de jeux crypto.","robots":{"index":"index","follow":"follow","max-snippet":"max-snippet:-1","max-image-preview":"max-image-preview:large","max-video-preview":"max-video-preview:-1"},"canonical":"https:\/\/stake-casinocanada.ca\/fr\/legit\/","og_locale":"en_US","og_type":"article","og_title":"Stake est-il l\u00e9gal et s\u00fbr au Canada ?","og_description":"D\u00e9couvrez si Stake Casino est l\u00e9gal au Canada, comment il garantit la s\u00e9curit\u00e9, et pourquoi les joueurs font confiance \u00e0 cette plateforme de jeux crypto.","og_url":"https:\/\/stake-casinocanada.ca\/fr\/legit\/","og_site_name":"Stake","article_modified_time":"2025-09-17T11:42:17+00:00","twitter_card":"summary_large_image","twitter_misc":{"Est. reading time":"3 minutes"},"schema":{"@context":"https:\/\/schema.org","@graph":[{"@type":"WebPage","@id":"https:\/\/stake-casinocanada.ca\/fr\/legit\/","url":"https:\/\/stake-casinocanada.ca\/fr\/legit\/","name":"Stake est-il l\u00e9gal et s\u00fbr au Canada ?","isPartOf":{"@id":"https:\/\/stake-casinocanada.ca\/fr\/#website"},"datePublished":"2025-08-25T18:04:10+00:00","dateModified":"2025-09-17T11:42:17+00:00","description":"D\u00e9couvrez si Stake Casino est l\u00e9gal au Canada, comment il garantit la s\u00e9curit\u00e9, et pourquoi les joueurs font confiance \u00e0 cette plateforme de jeux crypto.","breadcrumb":{"@id":"https:\/\/stake-casinocanada.ca\/fr\/legit\/#breadcrumb"},"inLanguage":"en-CA","potentialAction":[{"@type":"ReadAction","target":["https:\/\/stake-casinocanada.ca\/fr\/legit\/"]}]},{"@type":"BreadcrumbList","@id":"https:\/\/stake-casinocanada.ca\/fr\/legit\/#breadcrumb","itemListElement":[{"@type":"ListItem","position":1,"name":"Home","item":"https:\/\/stake-casinocanada.ca\/fr\/"},{"@type":"ListItem","position":2,"name":"Stake est-il l\u00e9gal au Canada ?"}]},{"@type":"WebSite","@id":"https:\/\/stake-casinocanada.ca\/fr\/#website","url":"https:\/\/stake-casinocanada.ca\/fr\/","name":"Stake","description":"","potentialAction":[{"@type":"SearchAction","target":{"@type":"EntryPoint","urlTemplate":"https:\/\/stake-casinocanada.ca\/fr\/?s={search_term_string}"},"query-input":{"@type":"PropertyValueSpecification","valueRequired":true,"valueName":"search_term_string"}}],"inLanguage":"en-CA"}]}},"_links":{"self":[{"href":"https:\/\/stake-casinocanada.ca\/fr\/wp-json\/wp\/v2\/pages\/272","targetHints":{"allow":["GET"]}}],"collection":[{"href":"https:\/\/stake-casinocanada.ca\/fr\/wp-json\/wp\/v2\/pages"}],"about":[{"href":"https:\/\/stake-casinocanada.ca\/fr\/wp-json\/wp\/v2\/types\/page"}],"author":[{"embeddable":true,"href":"https:\/\/stake-casinocanada.ca\/fr\/wp-json\/wp\/v2\/users\/1"}],"replies":[{"embeddable":true,"href":"https:\/\/stake-casinocanada.ca\/fr\/wp-json\/wp\/v2\/comments?post=272"}],"version-history":[{"count":18,"href":"https:\/\/stake-casinocanada.ca\/fr\/wp-json\/wp\/v2\/pages\/272\/revisions"}],"predecessor-version":[{"id":459,"href":"https:\/\/stake-casinocanada.ca\/fr\/wp-json\/wp\/v2\/pages\/272\/revisions\/459"}],"wp:attachment":[{"href":"https:\/\/stake-casinocanada.ca\/fr\/wp-json\/wp\/v2\/media?parent=272"}],"curies":[{"name":"wp","href":"https:\/\/api.w.org\/{rel}","templated":true}]}}