{"id":2,"date":"2025-07-26T20:33:31","date_gmt":"2025-07-26T20:33:31","guid":{"rendered":"https:\/\/stake-casinocanada.ca\/fr\/?page_id=2"},"modified":"2026-03-30T15:54:32","modified_gmt":"2026-03-30T15:54:32","slug":"sample-page","status":"publish","type":"page","link":"https:\/\/stake-casinocanada.ca\/fr\/","title":{"rendered":"Home"},"content":{"rendered":"<p data-start=\"327\" data-end=\"559\">Lanc\u00e9 en 2017, Stake permet aux joueurs d\u2019utiliser des cryptomonnaies comme le Bitcoin, l\u2019Ethereum et bien d\u2019autres pour parier sur des jeux de casino, des \u00e9v\u00e9nements sportifs, ainsi que sur des jeux exclusifs d\u00e9velopp\u00e9s en interne.<\/p>\n<p data-start=\"561\" data-end=\"748\">Pour les utilisateurs canadiens, Stake Casino offre une plateforme s\u00e9curis\u00e9e, enti\u00e8rement accessible, combinant une exp\u00e9rience de jeu rapide, des bonus g\u00e9n\u00e9reux et un programme VIP actif.<\/p>\n<p data-start=\"750\" data-end=\"839\">Commencer sur Stake Casino est simple et rapide \u2014 surtout pour les joueurs au Canada.<\/p>\n<table>\n<thead>\n<tr>\n<th>Fonctionnalit\u00e9<\/th>\n<th>Description<\/th>\n<\/tr>\n<\/thead>\n<tbody>\n<tr>\n<td>Nom de la plateforme<\/td>\n<td>Stake<\/td>\n<\/tr>\n<tr>\n<td>Ann\u00e9e de cr\u00e9ation<\/td>\n<td>2017<\/td>\n<\/tr>\n<tr>\n<td>Licence<\/td>\n<td>Cura\u00e7ao eGaming (valide pour les utilisateurs canadiens)<\/td>\n<\/tr>\n<tr>\n<td>Disponible au Canada<\/td>\n<td>Oui<\/td>\n<\/tr>\n<tr>\n<td>Cryptos prises en charge<\/td>\n<td>Bitcoin, Ethereum, Litecoin, Dogecoin, Ripple, Tether, et plus encore<\/td>\n<\/tr>\n<tr>\n<td>Jeux propos\u00e9s<\/td>\n<td>Machines \u00e0 sous, Crash, Plinko, Blackjack, Roulette, Croupiers en direct, Sports, Poker<\/td>\n<\/tr>\n<tr>\n<td>Paris sportifs<\/td>\n<td>Oui \u2013 paris en direct et avant match sur les grandes ligues<\/td>\n<\/tr>\n<tr>\n<td>Code promo Stake<\/td>\n<td>Utilisez le code &#8220;GETRAKEBACK&#8221; pour des bonus exclusifs<\/td>\n<\/tr>\n<tr>\n<td>Bonus pour nouveaux joueurs<\/td>\n<td>200 % de bonus sur le d\u00e9p\u00f4t (varie selon la r\u00e9gion) + Bonus mensuel<\/td>\n<\/tr>\n<tr>\n<td>Programme de fid\u00e9lit\u00e9<\/td>\n<td>Niveaux VIP, Cashback, Rakeback, Bonus personnalis\u00e9s<\/td>\n<\/tr>\n<tr>\n<td>Outils VIP<\/td>\n<td>Calculateur VIP Stake, Gestionnaire de compte personnel<\/td>\n<\/tr>\n<tr>\n<td>D\u00e9p\u00f4t minimum<\/td>\n<td>Selon la crypto (par exemple, 0.0002 BTC)<\/td>\n<\/tr>\n<tr>\n<td>Acc\u00e8s mobile<\/td>\n<td>Application Stake (bas\u00e9e sur le web) pour iOS et Android<\/td>\n<\/tr>\n<tr>\n<td>Support client<\/td>\n<td>Chat en direct 24\/7 + Centre d\u2019aide<\/td>\n<\/tr>\n<tr>\n<td>L\u00e9galit\u00e9 au Canada<\/td>\n<td>Oui \u2013 Stake op\u00e8re l\u00e9galement sous licence internationale<\/td>\n<\/tr>\n<tr>\n<td>Fonctionnalit\u00e9s communautaires<\/td>\n<td>Salles de chat, Tournois, D\u00e9fis, Discord, Forum<\/td>\n<\/tr>\n<\/tbody>\n<\/table>\n<h2 data-start=\"120\" data-end=\"156\">Comment s\u2019inscrire sur Stake<\/h2>\n<p data-start=\"158\" data-end=\"337\">Pour commencer, rendez-vous sur le site officiel de Stake et cliquez sur le bouton &#8220;Enregistrement&#8221;\u00a0en haut \u00e0 droite. Vous devrez ensuite renseigner les informations suivantes :<br \/>\n<img loading=\"lazy\" decoding=\"async\" class=\"\" src=\"https:\/\/stake-casinocanada.ca\/fr\/wp-content\/uploads\/2025\/09\/registr-stake.png\" alt=\"stake register\" width=\"697\" height=\"354\" \/><\/p>\n<ul data-start=\"339\" data-end=\"422\">\n<li data-start=\"339\" data-end=\"370\">\n<p data-start=\"341\" data-end=\"370\">Un nom d\u2019utilisateur unique<\/p>\n<\/li>\n<li data-start=\"371\" data-end=\"395\">\n<p data-start=\"373\" data-end=\"395\">Votre adresse e-mail<\/p>\n<\/li>\n<li data-start=\"396\" data-end=\"422\">\n<p data-start=\"398\" data-end=\"422\">Un mot de passe s\u00e9curis\u00e9<\/p>\n<\/li>\n<\/ul>\n<p data-start=\"424\" data-end=\"555\">Vous pouvez \u00e9galement entrer le code promo Stake &#8220;GETRAKEBACK&#8221; \u00e0 cette \u00e9tape pour d\u00e9bloquer des bonus ou promotions exclusives.<\/p>\n<p data-start=\"557\" data-end=\"788\">Il est aussi possible de vous inscrire via un compte social comme Google, Facebook, Twitch, ou m\u00eame un compte sur une plateforme crypto telle que Binance. Cela rend le processus d\u2019inscription encore plus rapide et pratique.<\/p>\n<p data-start=\"790\" data-end=\"1063\">Une fois le formulaire soumis, votre compte est cr\u00e9\u00e9 instantan\u00e9ment \u2014 il n\u2019y a aucune v\u00e9rification longue n\u00e9cessaire pour commencer \u00e0 jouer ou explorer le site. Pour la majorit\u00e9 des utilisateurs, cela signifie que vous pouvez entrer dans l\u2019action sans attendre.<\/p>\n<h2 data-start=\"1070\" data-end=\"1108\">Connexion \u00e0 votre compte Stake<\/h2>\n<p data-start=\"1110\" data-end=\"1146\">Se connecter est tout aussi simple :<\/p>\n<ol data-start=\"1148\" data-end=\"1380\">\n<li data-start=\"1148\" data-end=\"1195\">\n<p data-start=\"1151\" data-end=\"1195\">Rendez-vous sur la page d\u2019accueil de Stake<\/p>\n<\/li>\n<li data-start=\"1196\" data-end=\"1250\">\n<p data-start=\"1199\" data-end=\"1250\">Cliquez sur \u00ab Se connecter \u00bb en haut \u00e0 droite<br \/>\n<img loading=\"lazy\" decoding=\"async\" class=\"\" src=\"https:\/\/stake-casinocanada.ca\/fr\/wp-content\/uploads\/2025\/09\/log-in-stake.png\" alt=\"log in stake\" width=\"698\" height=\"362\" \/><\/p>\n<\/li>\n<li data-start=\"1251\" data-end=\"1305\">\n<p data-start=\"1254\" data-end=\"1305\">Entrez votre adresse e-mail et votre mot de passe<\/p>\n<\/li>\n<li data-start=\"1306\" data-end=\"1380\">\n<p data-start=\"1309\" data-end=\"1380\">Ou utilisez votre compte social connect\u00e9 pour une connexion instantan\u00e9e<\/p>\n<\/li>\n<\/ol>\n<p data-start=\"1382\" data-end=\"1509\">Stake vous permet \u00e9galement de rester connect\u00e9 sur votre appareil, ce qui facilite l\u2019acc\u00e8s pour les utilisateurs r\u00e9guliers.<\/p>\n<h2 data-start=\"124\" data-end=\"159\">S\u00e9lection de jeux de casino<\/h2>\n<p data-start=\"161\" data-end=\"329\">Stake Casino propose des milliers de jeux fournis par les meilleurs d\u00e9veloppeurs du secteur. Les joueurs canadiens y trouveront une vaste s\u00e9lection, notamment :<\/p>\n<ul data-start=\"331\" data-end=\"827\">\n<li data-start=\"331\" data-end=\"438\">\n<p data-start=\"333\" data-end=\"438\">Machines \u00e0 sous Stake : Des centaines de jeux de machines \u00e0 sous optimis\u00e9s pour les cryptomonnaies.<\/p>\n<\/li>\n<li data-start=\"439\" data-end=\"547\">\n<p data-start=\"441\" data-end=\"547\">Stake Plinko : Un des jeux pr\u00e9f\u00e9r\u00e9s des joueurs, appr\u00e9ci\u00e9 pour sa simplicit\u00e9 et sa forte volatilit\u00e9.<\/p>\n<\/li>\n<li data-start=\"548\" data-end=\"639\">\n<p data-start=\"550\" data-end=\"639\">Poker Stake : Options de vid\u00e9o poker, poker multijoueur et avec croupier en direct.<\/p>\n<\/li>\n<li data-start=\"640\" data-end=\"744\">\n<p data-start=\"642\" data-end=\"744\">Jeux de table : Blackjack, baccarat et roulette, disponibles \u00e9galement avec croupiers en direct.<\/p>\n<\/li>\n<li data-start=\"745\" data-end=\"827\">\n<p data-start=\"747\" data-end=\"827\">Paris sportifs Stake : Pariez sur la NHL, la NBA, l\u2019UFC et bien plus encore.<\/p>\n<\/li>\n<\/ul>\n<p><img loading=\"lazy\" decoding=\"async\" class=\"\" src=\"https:\/\/stake-casinocanada.ca\/fr\/wp-content\/uploads\/2025\/09\/\u0421\u043d\u0438\u043c\u043e\u043a-\u044d\u043a\u0440\u0430\u043d\u0430-2025-09-17-\u0432-13.17.59-scaled-e1758104791289.png\" alt=\"stake games\" width=\"695\" height=\"360\" \/><\/p>\n<p data-start=\"63\" data-end=\"275\">Ce qui distingue Stake, ce sont ses jeux exclusifs et ses options d\u00e9velopp\u00e9es en interne. Vous ne trouverez ni cette vari\u00e9t\u00e9 ni cette rapidit\u00e9 dans la plupart des casinos en ligne traditionnels au Canada.<\/p>\n<h2 data-start=\"114\" data-end=\"141\">Bonus et promotions<\/h2>\n<p data-start=\"143\" data-end=\"277\">Stake ne propose pas de bonus de d\u00e9p\u00f4t traditionnels. \u00c0 la place, la plateforme mise sur des promotions dynamiques et r\u00e9guli\u00e8res :<\/p>\n<ul data-start=\"279\" data-end=\"689\">\n<li data-start=\"279\" data-end=\"384\">\n<p data-start=\"281\" data-end=\"384\">Bonus mensuel Stake : Calcul\u00e9 en fonction de votre activit\u00e9 sur le compte et de votre niveau VIP.<\/p>\n<\/li>\n<li data-start=\"385\" data-end=\"495\">\n<p data-start=\"387\" data-end=\"495\"><a href=\"https:\/\/stake-casinocanada.ca\/fr\/bonus\/\">Code promo Stake<\/a> : Utilisez un code valide lors de l\u2019inscription pour activer des avantages exclusifs.<\/p>\n<\/li>\n<li data-start=\"496\" data-end=\"589\">\n<p data-start=\"498\" data-end=\"589\">D\u00e9fis quotidiens et hebdomadaires : Relevez des missions pour gagner des r\u00e9compenses.<\/p>\n<\/li>\n<li data-start=\"590\" data-end=\"689\">\n<p data-start=\"592\" data-end=\"689\">Distribution de codes Stake : Offerts via les r\u00e9seaux sociaux et le serveur Discord officiel.<br \/>\n<img loading=\"lazy\" decoding=\"async\" class=\"\" src=\"https:\/\/stake-casinocanada.ca\/fr\/wp-content\/uploads\/2025\/09\/\u0421\u043d\u0438\u043c\u043e\u043a-\u044d\u043a\u0440\u0430\u043d\u0430-2025-09-17-\u0432-13.29.15.png\" alt=\"stake promo\" width=\"699\" height=\"403\" \/><\/p>\n<\/li>\n<\/ul>\n<div>\n<div>\n<div>\n<div>\n<article dir=\"auto\" tabindex=\"-1\" data-turn-id=\"request-WEB:ea9e3bbd-8749-4f4d-87eb-de48486c3c09-6\" data-testid=\"conversation-turn-14\" data-scroll-anchor=\"true\" data-turn=\"assistant\">\n<div>\n<div tabindex=\"-1\">\n<div>\n<div dir=\"auto\" data-message-author-role=\"assistant\" data-message-id=\"6eb00712-0b29-42ba-83c9-a7ff47f81bff\" data-message-model-slug=\"gpt-4o\">\n<div>\n<div>\n<h2 data-start=\"153\" data-end=\"199\">Application Stake et exp\u00e9rience mobile<\/h2>\n<p data-start=\"201\" data-end=\"466\">Il n\u2019existe pas d\u2019application Stake Casino d\u00e9di\u00e9e dans l\u2019App Store ou sur Google Play. Cependant, le site mobile est parfaitement optimis\u00e9. Compatible avec Android et iOS, la version navigateur propose toutes les fonctionnalit\u00e9s disponibles sur ordinateur :<\/p>\n<ul data-start=\"468\" data-end=\"608\">\n<li data-start=\"468\" data-end=\"499\">\n<p data-start=\"470\" data-end=\"499\">Acc\u00e8s \u00e0 tous les jeux Stake<\/p>\n<\/li>\n<li data-start=\"500\" data-end=\"536\">\n<p data-start=\"502\" data-end=\"536\">Paris sportifs en quelques clics<\/p>\n<\/li>\n<li data-start=\"537\" data-end=\"567\">\n<p data-start=\"539\" data-end=\"567\">D\u00e9p\u00f4ts et retraits rapides<\/p>\n<\/li>\n<li data-start=\"568\" data-end=\"608\">\n<p data-start=\"570\" data-end=\"608\">R\u00e9clamations de bonus sans restriction<\/p>\n<\/li>\n<\/ul>\n<p data-start=\"610\" data-end=\"731\">Les joueurs canadiens peuvent ainsi profiter de Stake sur mobile sans avoir \u00e0 t\u00e9l\u00e9charger de logiciel suppl\u00e9mentaire.<\/p>\n<h2 data-start=\"738\" data-end=\"773\">D\u00e9p\u00f4ts, retraits et support<\/h2>\n<p data-start=\"775\" data-end=\"1071\">L\u2019un des grands atouts de Stake Casino Canada, c\u2019est la simplicit\u00e9 et la fluidit\u00e9 de ses transactions \u2014 enti\u00e8rement g\u00e9r\u00e9es via les cryptomonnaies. C\u2019est une option id\u00e9ale pour les joueurs canadiens \u00e0 la recherche de rapidit\u00e9, confidentialit\u00e9 et s\u00e9curit\u00e9 dans leurs paiements en ligne.<\/p>\n<h3 data-start=\"1073\" data-end=\"1108\">Cryptomonnaies accept\u00e9es :<\/h3>\n<p data-start=\"1110\" data-end=\"1184\">Stake prend en charge un large \u00e9ventail de devises num\u00e9riques, notamment :<\/p>\n<ul data-start=\"1186\" data-end=\"1322\">\n<li data-start=\"1186\" data-end=\"1203\">\n<p data-start=\"1188\" data-end=\"1203\">Bitcoin (BTC)<\/p>\n<\/li>\n<li data-start=\"1204\" data-end=\"1222\">\n<p data-start=\"1206\" data-end=\"1222\">Ethereum (ETH)<\/p>\n<\/li>\n<li data-start=\"1223\" data-end=\"1241\">\n<p data-start=\"1225\" data-end=\"1241\">Litecoin (LTC)<\/p>\n<\/li>\n<li data-start=\"1242\" data-end=\"1261\">\n<p data-start=\"1244\" data-end=\"1261\">Dogecoin (DOGE)<\/p>\n<\/li>\n<li data-start=\"1262\" data-end=\"1284\">\n<p data-start=\"1264\" data-end=\"1284\">Bitcoin Cash (BCH)<\/p>\n<\/li>\n<li data-start=\"1285\" data-end=\"1301\">\n<p data-start=\"1287\" data-end=\"1301\">Ripple (XRP)<\/p>\n<\/li>\n<li data-start=\"1302\" data-end=\"1316\">\n<p data-start=\"1304\" data-end=\"1316\">TRON (TRX)<\/p>\n<\/li>\n<li data-start=\"1317\" data-end=\"1322\">\n<p data-start=\"1319\" data-end=\"1322\">EOS<\/p>\n<\/li>\n<\/ul>\n<p data-start=\"1324\" data-end=\"1467\">Cette diversit\u00e9 permet aux joueurs de choisir la crypto de leur choix sans passer par des banques ou des conversions en monnaie fiduciaire.<\/p>\n<h3 data-start=\"1469\" data-end=\"1493\">D\u00e9p\u00f4t minimum :<\/h3>\n<p data-start=\"1495\" data-end=\"1564\">Le montant minimum d\u00e9pend de la cryptomonnaie utilis\u00e9e. Par exemple :<\/p>\n<ul data-start=\"1566\" data-end=\"1648\">\n<li data-start=\"1566\" data-end=\"1594\">\n<p data-start=\"1568\" data-end=\"1594\">Bitcoin : 0.0002 BTC<\/p>\n<\/li>\n<li data-start=\"1595\" data-end=\"1622\">\n<p data-start=\"1597\" data-end=\"1622\">Ethereum : 0.01 ETH<\/p>\n<\/li>\n<li data-start=\"1623\" data-end=\"1648\">\n<p data-start=\"1625\" data-end=\"1648\">Litecoin : 0.05 LTC<\/p>\n<\/li>\n<\/ul>\n<p data-start=\"1650\" data-end=\"1847\">La majorit\u00e9 des d\u00e9p\u00f4ts sont cr\u00e9dit\u00e9s quasi instantan\u00e9ment apr\u00e8s confirmation sur la blockchain, ce qui signifie que les utilisateurs canadiens peuvent commencer \u00e0 jouer en quelques minutes.<\/p>\n<h3 data-start=\"1849\" data-end=\"1868\">Retraits :<\/h3>\n<p data-start=\"1870\" data-end=\"2281\">Les retraits sur Stake sont tout aussi efficaces. Il n\u2019y a pas de frais cach\u00e9s, et la plupart des transactions sont trait\u00e9es en quelques minutes. Selon la cryptomonnaie choisie et la charge du r\u00e9seau, les paiements sont g\u00e9n\u00e9ralement finalis\u00e9s en 5 \u00e0 15 minutes. Stake se distingue \u00e9galement par ses seuils de retrait tr\u00e8s bas, ce qui facilite les retraits m\u00eame pour les joueurs occasionnels.<\/p>\n<h3 data-start=\"2288\" data-end=\"2320\">S\u00e9curit\u00e9 et transparence<\/h3>\n<p data-start=\"2322\" data-end=\"2595\">Toutes les transactions sont prot\u00e9g\u00e9es par un chiffrement SSL de niveau industriel. Et comme tous les paiements se font en crypto, les joueurs canadiens b\u00e9n\u00e9ficient d\u2019un niveau de confidentialit\u00e9 sup\u00e9rieur \u00e0 celui des casinos utilisant des monnaies traditionnelles.<\/p>\n<h2 data-start=\"2602\" data-end=\"2635\">Forum communautaire Stake<\/h2>\n<p data-start=\"2637\" data-end=\"2936\">Stake dispose d\u2019un forum d\u00e9di\u00e9 qui sert de centre de discussion pour la communaut\u00e9 mondiale de joueurs. On y \u00e9change des strat\u00e9gies sur des jeux comme Plinko, Crash ou Dice, on partage ses gains r\u00e9cents, et on discute de sujets comme le Club VIP Stake ou les m\u00e9caniques de bonus.<\/p>\n<p data-start=\"2938\" data-end=\"3213\">En plus des discussions entre joueurs, le forum permet une communication directe avec l\u2019\u00e9quipe Stake. Les mod\u00e9rateurs et repr\u00e9sentants officiels y publient des mises \u00e0 jour, r\u00e9pondent aux retours des utilisateurs, et annoncent les prochaines promotions et \u00e9v\u00e9nements.<\/p>\n<p data-start=\"3215\" data-end=\"3380\">C\u2019est aussi un espace utile pour signaler des bugs, poser des questions techniques ou recevoir de l\u2019aide, que ce soit de la part de l\u2019\u00e9quipe ou de la communaut\u00e9.<\/p>\n<\/div>\n<\/div>\n<\/div>\n<\/div>\n<\/div>\n<\/div>\n<\/article>\n<\/div>\n<\/div>\n<\/div>\n<\/div>\n<p><img loading=\"lazy\" decoding=\"async\" class=\"\" src=\"https:\/\/stake-casinocanada.ca\/fr\/wp-content\/uploads\/2025\/09\/stake-forum.png\" alt=\"\" width=\"699\" height=\"389\" \/><\/p>\n<h2 data-start=\"180\" data-end=\"202\">Service client<\/h2>\n<p data-start=\"204\" data-end=\"539\">Le service client de Stake est con\u00e7u pour \u00eatre rapide, efficace et disponible \u00e0 tout moment. La plateforme propose un support par chat en direct 24h\/24 et 7j\/7, permettant aux utilisateurs de discuter avec un agent r\u00e9el en seulement quelques minutes. C\u2019est particuli\u00e8rement utile pour r\u00e9soudre des probl\u00e8mes urgents comme :<\/p>\n<ul data-start=\"541\" data-end=\"650\">\n<li data-start=\"541\" data-end=\"569\">\n<p data-start=\"543\" data-end=\"569\">Difficult\u00e9s de connexion<\/p>\n<\/li>\n<li data-start=\"570\" data-end=\"604\">\n<p data-start=\"572\" data-end=\"604\">Retards de d\u00e9p\u00f4t ou de retrait<\/p>\n<\/li>\n<li data-start=\"605\" data-end=\"650\">\n<p data-start=\"607\" data-end=\"650\">Questions concernant l\u2019activation des bonus<\/p>\n<\/li>\n<\/ul>\n<p data-start=\"652\" data-end=\"788\">Pour les demandes moins urgentes, les joueurs peuvent consulter le Centre d\u2019aide complet ou envoyer un e-mail \u00e0 l\u2019\u00e9quipe de support.<\/p>\n<p data-start=\"790\" data-end=\"981\">Les utilisateurs canadiens rapportent r\u00e9guli\u00e8rement que les agents du support Stake sont professionnels, comp\u00e9tents et courtois, ce qui rend l\u2019exp\u00e9rience globale fluide et rassurante.<\/p>\n<h2 data-start=\"988\" data-end=\"1026\">Stake est-il l\u00e9gal au Canada ?<\/h2>\n<p data-start=\"1028\" data-end=\"1283\">Oui, <a href=\"https:\/\/stake-casinocanada.ca\/fr\/legit\/\">Stake est tout \u00e0 fait l\u00e9gal<\/a> pour les joueurs au Canada. La plateforme op\u00e8re sous une licence de jeu internationale reconnue, ce qui permet aux Canadiens d&#8217;acc\u00e9der sans restriction \u00e0 l\u2019ensemble des jeux de casino et des paris sportifs.<\/p>\n<p data-start=\"1285\" data-end=\"1557\">Comme Stake utilise les cryptomonnaies pour les d\u00e9p\u00f4ts et retraits, cela garantit un environnement s\u00e9curis\u00e9 et confidentiel, en accord avec les lois canadiennes sur les jeux d\u2019argent \u2014 qui n\u2019interdisent pas l\u2019utilisation de casinos en ligne bas\u00e9s \u00e0 l\u2019\u00e9tranger.<\/p>\n<p data-start=\"1559\" data-end=\"1834\">De nombreux joueurs canadiens utilisent Stake depuis plusieurs ann\u00e9es sans aucun probl\u00e8me l\u00e9gal. Gr\u00e2ce \u00e0 son chiffrement SSL, \u00e0 ses op\u00e9rations transparentes et \u00e0 la qualit\u00e9 de son support client, Stake reste un choix fiable et l\u00e9gitime pour les joueurs au Canada.<\/p>\n","protected":false},"excerpt":{"rendered":"<p>Lanc\u00e9 en 2017, Stake permet aux joueurs d\u2019utiliser des cryptomonnaies comme le Bitcoin, l\u2019Ethereum et bien d\u2019autres pour parier sur des jeux de casino, des \u00e9v\u00e9nements sportifs, ainsi que sur des jeux exclusifs d\u00e9velopp\u00e9s en interne. Pour les utilisateurs canadiens, Stake Casino offre une plateforme s\u00e9curis\u00e9e, enti\u00e8rement accessible, combinant une exp\u00e9rience de jeu rapide, des [&hellip;]<\/p>\n","protected":false},"author":1,"featured_media":0,"parent":0,"menu_order":0,"comment_status":"closed","ping_status":"open","template":"","meta":{"footnotes":""},"class_list":["post-2","page","type-page","status-publish","hentry"],"yoast_head":"<!-- This site is optimized with the Yoast SEO plugin v24.9 - https:\/\/yoast.com\/wordpress\/plugins\/seo\/ -->\n<title>Stake Casino en ligne \u2013 Slots, casino classique et jeux crypto<\/title>\n<meta name=\"description\" content=\"D\u00e9couvrez Stake Casino en ligne avec slots populaires, casino classique et une plateforme fluide pens\u00e9e pour le jeu moderne.\" \/>\n<meta name=\"robots\" content=\"index, follow, max-snippet:-1, max-image-preview:large, max-video-preview:-1\" \/>\n<link rel=\"canonical\" href=\"https:\/\/stake-casinocanada.ca\/fr\/\" \/>\n<meta property=\"og:locale\" content=\"en_US\" \/>\n<meta property=\"og:type\" content=\"article\" \/>\n<meta property=\"og:title\" content=\"Stake Casino en ligne \u2013 Slots, casino classique et jeux crypto\" \/>\n<meta property=\"og:description\" content=\"D\u00e9couvrez Stake Casino en ligne avec slots populaires, casino classique et une plateforme fluide pens\u00e9e pour le jeu moderne.\" \/>\n<meta property=\"og:url\" content=\"https:\/\/stake-casinocanada.ca\/fr\/\" \/>\n<meta property=\"og:site_name\" content=\"Stake\" \/>\n<meta property=\"article:modified_time\" content=\"2026-03-30T15:54:32+00:00\" \/>\n<meta property=\"og:image\" content=\"https:\/\/stake-casinocanada.ca\/fr\/wp-content\/uploads\/2025\/09\/registr-stake.png\" \/>\n<meta name=\"twitter:card\" content=\"summary_large_image\" \/>\n<meta name=\"twitter:label1\" content=\"Est. reading time\" \/>\n\t<meta name=\"twitter:data1\" content=\"7 minutes\" \/>\n<script type=\"application\/ld+json\" class=\"yoast-schema-graph\">{\"@context\":\"https:\/\/schema.org\",\"@graph\":[{\"@type\":\"WebPage\",\"@id\":\"https:\/\/stake-casinocanada.ca\/fr\/\",\"url\":\"https:\/\/stake-casinocanada.ca\/fr\/\",\"name\":\"Stake Casino en ligne \u2013 Slots, casino classique et jeux crypto\",\"isPartOf\":{\"@id\":\"https:\/\/stake-casinocanada.ca\/fr\/#website\"},\"primaryImageOfPage\":{\"@id\":\"https:\/\/stake-casinocanada.ca\/fr\/#primaryimage\"},\"image\":{\"@id\":\"https:\/\/stake-casinocanada.ca\/fr\/#primaryimage\"},\"thumbnailUrl\":\"https:\/\/stake-casinocanada.ca\/fr\/wp-content\/uploads\/2025\/09\/registr-stake.png\",\"datePublished\":\"2025-07-26T20:33:31+00:00\",\"dateModified\":\"2026-03-30T15:54:32+00:00\",\"description\":\"D\u00e9couvrez Stake Casino en ligne avec slots populaires, casino classique et une plateforme fluide pens\u00e9e pour le jeu moderne.\",\"breadcrumb\":{\"@id\":\"https:\/\/stake-casinocanada.ca\/fr\/#breadcrumb\"},\"inLanguage\":\"en-CA\",\"potentialAction\":[{\"@type\":\"ReadAction\",\"target\":[\"https:\/\/stake-casinocanada.ca\/fr\/\"]}]},{\"@type\":\"ImageObject\",\"inLanguage\":\"en-CA\",\"@id\":\"https:\/\/stake-casinocanada.ca\/fr\/#primaryimage\",\"url\":\"https:\/\/stake-casinocanada.ca\/fr\/wp-content\/uploads\/2025\/09\/registr-stake.png\",\"contentUrl\":\"https:\/\/stake-casinocanada.ca\/fr\/wp-content\/uploads\/2025\/09\/registr-stake.png\",\"width\":1909,\"height\":970,\"caption\":\"stake register\"},{\"@type\":\"BreadcrumbList\",\"@id\":\"https:\/\/stake-casinocanada.ca\/fr\/#breadcrumb\",\"itemListElement\":[{\"@type\":\"ListItem\",\"position\":1,\"name\":\"Home\",\"item\":\"https:\/\/stake-casinocanada.ca\/fr\/\"},{\"@type\":\"ListItem\",\"position\":2,\"name\":\"Home\"}]},{\"@type\":\"WebSite\",\"@id\":\"https:\/\/stake-casinocanada.ca\/fr\/#website\",\"url\":\"https:\/\/stake-casinocanada.ca\/fr\/\",\"name\":\"Stake\",\"description\":\"\",\"potentialAction\":[{\"@type\":\"SearchAction\",\"target\":{\"@type\":\"EntryPoint\",\"urlTemplate\":\"https:\/\/stake-casinocanada.ca\/fr\/?s={search_term_string}\"},\"query-input\":{\"@type\":\"PropertyValueSpecification\",\"valueRequired\":true,\"valueName\":\"search_term_string\"}}],\"inLanguage\":\"en-CA\"}]}<\/script>\n<!-- \/ Yoast SEO plugin. -->","yoast_head_json":{"title":"Stake Casino en ligne \u2013 Slots, casino classique et jeux crypto","description":"D\u00e9couvrez Stake Casino en ligne avec slots populaires, casino classique et une plateforme fluide pens\u00e9e pour le jeu moderne.","robots":{"index":"index","follow":"follow","max-snippet":"max-snippet:-1","max-image-preview":"max-image-preview:large","max-video-preview":"max-video-preview:-1"},"canonical":"https:\/\/stake-casinocanada.ca\/fr\/","og_locale":"en_US","og_type":"article","og_title":"Stake Casino en ligne \u2013 Slots, casino classique et jeux crypto","og_description":"D\u00e9couvrez Stake Casino en ligne avec slots populaires, casino classique et une plateforme fluide pens\u00e9e pour le jeu moderne.","og_url":"https:\/\/stake-casinocanada.ca\/fr\/","og_site_name":"Stake","article_modified_time":"2026-03-30T15:54:32+00:00","og_image":[{"url":"https:\/\/stake-casinocanada.ca\/fr\/wp-content\/uploads\/2025\/09\/registr-stake.png","type":"","width":"","height":""}],"twitter_card":"summary_large_image","twitter_misc":{"Est. reading time":"7 minutes"},"schema":{"@context":"https:\/\/schema.org","@graph":[{"@type":"WebPage","@id":"https:\/\/stake-casinocanada.ca\/fr\/","url":"https:\/\/stake-casinocanada.ca\/fr\/","name":"Stake Casino en ligne \u2013 Slots, casino classique et jeux crypto","isPartOf":{"@id":"https:\/\/stake-casinocanada.ca\/fr\/#website"},"primaryImageOfPage":{"@id":"https:\/\/stake-casinocanada.ca\/fr\/#primaryimage"},"image":{"@id":"https:\/\/stake-casinocanada.ca\/fr\/#primaryimage"},"thumbnailUrl":"https:\/\/stake-casinocanada.ca\/fr\/wp-content\/uploads\/2025\/09\/registr-stake.png","datePublished":"2025-07-26T20:33:31+00:00","dateModified":"2026-03-30T15:54:32+00:00","description":"D\u00e9couvrez Stake Casino en ligne avec slots populaires, casino classique et une plateforme fluide pens\u00e9e pour le jeu moderne.","breadcrumb":{"@id":"https:\/\/stake-casinocanada.ca\/fr\/#breadcrumb"},"inLanguage":"en-CA","potentialAction":[{"@type":"ReadAction","target":["https:\/\/stake-casinocanada.ca\/fr\/"]}]},{"@type":"ImageObject","inLanguage":"en-CA","@id":"https:\/\/stake-casinocanada.ca\/fr\/#primaryimage","url":"https:\/\/stake-casinocanada.ca\/fr\/wp-content\/uploads\/2025\/09\/registr-stake.png","contentUrl":"https:\/\/stake-casinocanada.ca\/fr\/wp-content\/uploads\/2025\/09\/registr-stake.png","width":1909,"height":970,"caption":"stake register"},{"@type":"BreadcrumbList","@id":"https:\/\/stake-casinocanada.ca\/fr\/#breadcrumb","itemListElement":[{"@type":"ListItem","position":1,"name":"Home","item":"https:\/\/stake-casinocanada.ca\/fr\/"},{"@type":"ListItem","position":2,"name":"Home"}]},{"@type":"WebSite","@id":"https:\/\/stake-casinocanada.ca\/fr\/#website","url":"https:\/\/stake-casinocanada.ca\/fr\/","name":"Stake","description":"","potentialAction":[{"@type":"SearchAction","target":{"@type":"EntryPoint","urlTemplate":"https:\/\/stake-casinocanada.ca\/fr\/?s={search_term_string}"},"query-input":{"@type":"PropertyValueSpecification","valueRequired":true,"valueName":"search_term_string"}}],"inLanguage":"en-CA"}]}},"_links":{"self":[{"href":"https:\/\/stake-casinocanada.ca\/fr\/wp-json\/wp\/v2\/pages\/2","targetHints":{"allow":["GET"]}}],"collection":[{"href":"https:\/\/stake-casinocanada.ca\/fr\/wp-json\/wp\/v2\/pages"}],"about":[{"href":"https:\/\/stake-casinocanada.ca\/fr\/wp-json\/wp\/v2\/types\/page"}],"author":[{"embeddable":true,"href":"https:\/\/stake-casinocanada.ca\/fr\/wp-json\/wp\/v2\/users\/1"}],"replies":[{"embeddable":true,"href":"https:\/\/stake-casinocanada.ca\/fr\/wp-json\/wp\/v2\/comments?post=2"}],"version-history":[{"count":82,"href":"https:\/\/stake-casinocanada.ca\/fr\/wp-json\/wp\/v2\/pages\/2\/revisions"}],"predecessor-version":[{"id":469,"href":"https:\/\/stake-casinocanada.ca\/fr\/wp-json\/wp\/v2\/pages\/2\/revisions\/469"}],"wp:attachment":[{"href":"https:\/\/stake-casinocanada.ca\/fr\/wp-json\/wp\/v2\/media?parent=2"}],"curies":[{"name":"wp","href":"https:\/\/api.w.org\/{rel}","templated":true}]}}